{"id":13,"date":"2023-10-13T23:41:58","date_gmt":"2023-10-14T02:41:58","guid":{"rendered":"https:\/\/pipocanacozinha.com.br\/?page_id=13"},"modified":"2023-10-15T04:17:26","modified_gmt":"2023-10-15T07:17:26","slug":"contato","status":"publish","type":"page","link":"https:\/\/pipocanacozinha.com.br\/index.php\/contato\/","title":{"rendered":"Contato"},"content":{"rendered":"\n<h3 class=\"wp-block-heading\">Fale comigo!<\/h3>\n\n\n\n<p>Quer entrar em contato com o Pipoca na Cozinha? Tirar uma d\u00favida, fazer um coment\u00e1rio ou uma sugest\u00e3o de receita ? \u00c9 s\u00f3 preencher aqui embaixo e clicar em enviar!<\/p>\n\n\n<style id=\"wpforms-css-vars-root\">\n\t\t\t\t:root {\n\t\t\t\t\t--wpforms-field-border-radius: 3px;\n--wpforms-field-border-style: solid;\n--wpforms-field-border-size: 1px;\n--wpforms-field-background-color: #ffffff;\n--wpforms-field-border-color: rgba( 0, 0, 0, 0.25 );\n--wpforms-field-border-color-spare: rgba( 0, 0, 0, 0.25 );\n--wpforms-field-text-color: rgba( 0, 0, 0, 0.7 );\n--wpforms-field-menu-color: #ffffff;\n--wpforms-label-color: rgba( 0, 0, 0, 0.85 );\n--wpforms-label-sublabel-color: rgba( 0, 0, 0, 0.55 );\n--wpforms-label-error-color: #d63637;\n--wpforms-button-border-radius: 3px;\n--wpforms-button-border-style: none;\n--wpforms-button-border-size: 1px;\n--wpforms-button-background-color: #066aab;\n--wpforms-button-border-color: #066aab;\n--wpforms-button-text-color: #ffffff;\n--wpforms-page-break-color: #066aab;\n--wpforms-background-image: none;\n--wpforms-background-position: center center;\n--wpforms-background-repeat: no-repeat;\n--wpforms-background-size: cover;\n--wpforms-background-width: 100px;\n--wpforms-background-height: 100px;\n--wpforms-background-color: rgba( 0, 0, 0, 0 );\n--wpforms-background-url: none;\n--wpforms-container-padding: 0px;\n--wpforms-container-border-style: none;\n--wpforms-container-border-width: 1px;\n--wpforms-container-border-color: #000000;\n--wpforms-container-border-radius: 3px;\n--wpforms-field-size-input-height: 43px;\n--wpforms-field-size-input-spacing: 15px;\n--wpforms-field-size-font-size: 16px;\n--wpforms-field-size-line-height: 19px;\n--wpforms-field-size-padding-h: 14px;\n--wpforms-field-size-checkbox-size: 16px;\n--wpforms-field-size-sublabel-spacing: 5px;\n--wpforms-field-size-icon-size: 1;\n--wpforms-label-size-font-size: 16px;\n--wpforms-label-size-line-height: 19px;\n--wpforms-label-size-sublabel-font-size: 14px;\n--wpforms-label-size-sublabel-line-height: 17px;\n--wpforms-button-size-font-size: 17px;\n--wpforms-button-size-height: 41px;\n--wpforms-button-size-padding-h: 15px;\n--wpforms-button-size-margin-top: 10px;\n--wpforms-container-shadow-size-box-shadow: none;\n\n\t\t\t\t}\n\t\t\t<\/style><div class=\"wpforms-container wpforms-container-full wpforms-block wpforms-block-ffec4d08-383c-465c-9fbe-88db52ca891c wpforms-render-modern\" id=\"wpforms-89\"><form id=\"wpforms-form-89\" class=\"wpforms-validate wpforms-form wpforms-ajax-form\" data-formid=\"89\" method=\"post\" enctype=\"multipart\/form-data\" action=\"\/index.php\/wp-json\/wp\/v2\/pages\/13\" data-token=\"2848b4177c4efe1828a893965bb53b67\" data-token-time=\"1778069964\"><noscript class=\"wpforms-error-noscript\">Ative o JavaScript no seu navegador para preencher este formul\u00e1rio.<\/noscript><div class=\"wpforms-hidden\" id=\"wpforms-error-noscript\">Ative o JavaScript no seu navegador para preencher este formul\u00e1rio.<\/div><div class=\"wpforms-field-container\"><div id=\"wpforms-89-field_0-container\" class=\"wpforms-field wpforms-field-name\" data-field-id=\"0\"><fieldset><legend class=\"wpforms-field-label\">Nome <span class=\"wpforms-required-label\" aria-hidden=\"true\">*<\/span><\/legend><div class=\"wpforms-field-row wpforms-field-medium\"><div class=\"wpforms-field-row-block wpforms-first wpforms-one-half\"><input type=\"text\" id=\"wpforms-89-field_0\" class=\"wpforms-field-name-first wpforms-field-required\" name=\"wpforms[fields][0][first]\" aria-errormessage=\"wpforms-89-field_0-error\" required><label for=\"wpforms-89-field_0\" class=\"wpforms-field-sublabel after\">Nome<\/label><\/div><div class=\"wpforms-field-row-block wpforms-one-half\"><input type=\"text\" id=\"wpforms-89-field_0-last\" class=\"wpforms-field-name-last wpforms-field-required\" name=\"wpforms[fields][0][last]\" aria-errormessage=\"wpforms-89-field_0-last-error\" required><label for=\"wpforms-89-field_0-last\" class=\"wpforms-field-sublabel after\">Sobrenome<\/label><\/div><\/div><\/fieldset><\/div><div id=\"wpforms-89-field_1-container\" class=\"wpforms-field wpforms-field-email\" data-field-id=\"1\"><label class=\"wpforms-field-label\" for=\"wpforms-89-field_1\">E-mail <span class=\"wpforms-required-label\" aria-hidden=\"true\">*<\/span><\/label><input type=\"email\" id=\"wpforms-89-field_1\" class=\"wpforms-field-medium wpforms-field-required\" name=\"wpforms[fields][1]\" spellcheck=\"false\" aria-errormessage=\"wpforms-89-field_1-error\" required><\/div><div id=\"wpforms-89-field_2-container\" class=\"wpforms-field wpforms-field-textarea\" data-field-id=\"2\"><label class=\"wpforms-field-label\" for=\"wpforms-89-field_2\">Coment\u00e1rio ou Mensagem<\/label><textarea id=\"wpforms-89-field_2\" class=\"wpforms-field-medium\" name=\"wpforms[fields][2]\" aria-errormessage=\"wpforms-89-field_2-error\" ><\/textarea><\/div><\/div><!-- .wpforms-field-container --><div class=\"wpforms-submit-container\" ><input type=\"hidden\" name=\"wpforms[id]\" value=\"89\"><input type=\"hidden\" name=\"page_title\" value=\"\"><input type=\"hidden\" name=\"page_url\" value=\"https:\/\/pipocanacozinha.com.br\/index.php\/wp-json\/wp\/v2\/pages\/13\"><button type=\"submit\" name=\"wpforms[submit]\" id=\"wpforms-submit-89\" class=\"wpforms-submit\" data-alt-text=\"Enviando\u2026\" data-submit-text=\"Enviar\" aria-live=\"assertive\" value=\"wpforms-submit\">Enviar<\/button><img loading=\"lazy\" decoding=\"async\" data-src=\"https:\/\/pipocanacozinha.com.br\/wp-content\/plugins\/wpforms-lite\/assets\/images\/submit-spin.svg\" class=\"wpforms-submit-spinner lazyload\" style=\"--smush-placeholder-width: 26px; --smush-placeholder-aspect-ratio: 26\/26;display: none;\" width=\"26\" height=\"26\" alt=\"Carregando\" src=\"data:image\/gif;base64,R0lGODlhAQABAAAAACH5BAEKAAEALAAAAAABAAEAAAICTAEAOw==\"><noscript><img loading=\"lazy\" decoding=\"async\" src=\"https:\/\/pipocanacozinha.com.br\/wp-content\/plugins\/wpforms-lite\/assets\/images\/submit-spin.svg\" class=\"wpforms-submit-spinner\" style=\"display: none;\" width=\"26\" height=\"26\" alt=\"Carregando\"><\/noscript><\/div><\/form><\/div>  <!-- .wpforms-container -->","protected":false},"excerpt":{"rendered":"<p>Fale comigo! Quer entrar em contato com o Pipoca na Cozinha? Tirar uma d\u00favida, fazer um coment\u00e1rio ou uma sugest\u00e3o de receita ? \u00c9 s\u00f3 preencher aqui embaixo e clicar em enviar!<\/p>\n","protected":false},"author":1,"featured_media":0,"parent":0,"menu_order":0,"comment_status":"closed","ping_status":"closed","template":"","meta":{"om_disable_all_campaigns":false,"_monsterinsights_skip_tracking":false,"_monsterinsights_sitenote_active":false,"_monsterinsights_sitenote_note":"","_monsterinsights_sitenote_category":0,"_uf_show_specific_survey":0,"_uf_disable_surveys":false,"footnotes":""},"class_list":["post-13","page","type-page","status-publish","hentry"],"yoast_head":"<!-- This site is optimized with the Yoast SEO plugin v23.1 - https:\/\/yoast.com\/wordpress\/plugins\/seo\/ -->\n<title>Contato - Pipoca na Cozinha<\/title>\n<meta name=\"robots\" content=\"index, follow, max-snippet:-1, max-image-preview:large, max-video-preview:-1\" \/>\n<link rel=\"canonical\" href=\"https:\/\/pipocanacozinha.com.br\/index.php\/contato\/\" \/>\n<meta property=\"og:locale\" content=\"pt_BR\" \/>\n<meta property=\"og:type\" content=\"article\" \/>\n<meta property=\"og:title\" content=\"Contato - Pipoca na Cozinha\" \/>\n<meta property=\"og:description\" content=\"Fale comigo! Quer entrar em contato com o Pipoca na Cozinha? Tirar uma d\u00favida, fazer um coment\u00e1rio ou uma sugest\u00e3o de receita ? \u00c9 s\u00f3 preencher aqui embaixo e clicar em enviar!\" \/>\n<meta property=\"og:url\" content=\"https:\/\/pipocanacozinha.com.br\/index.php\/contato\/\" \/>\n<meta property=\"og:site_name\" content=\"Pipoca na Cozinha\" \/>\n<meta property=\"article:modified_time\" content=\"2023-10-15T07:17:26+00:00\" \/>\n<meta name=\"twitter:card\" content=\"summary_large_image\" \/>\n<meta name=\"twitter:label1\" content=\"Est. tempo de leitura\" \/>\n\t<meta name=\"twitter:data1\" content=\"1 minuto\" \/>\n<script type=\"application\/ld+json\" class=\"yoast-schema-graph\">{\"@context\":\"https:\/\/schema.org\",\"@graph\":[{\"@type\":\"WebPage\",\"@id\":\"https:\/\/pipocanacozinha.com.br\/index.php\/contato\/\",\"url\":\"https:\/\/pipocanacozinha.com.br\/index.php\/contato\/\",\"name\":\"Contato - Pipoca na Cozinha\",\"isPartOf\":{\"@id\":\"https:\/\/pipocanacozinha.com.br\/#website\"},\"datePublished\":\"2023-10-14T02:41:58+00:00\",\"dateModified\":\"2023-10-15T07:17:26+00:00\",\"breadcrumb\":{\"@id\":\"https:\/\/pipocanacozinha.com.br\/index.php\/contato\/#breadcrumb\"},\"inLanguage\":\"pt-BR\",\"potentialAction\":[{\"@type\":\"ReadAction\",\"target\":[\"https:\/\/pipocanacozinha.com.br\/index.php\/contato\/\"]}]},{\"@type\":\"BreadcrumbList\",\"@id\":\"https:\/\/pipocanacozinha.com.br\/index.php\/contato\/#breadcrumb\",\"itemListElement\":[{\"@type\":\"ListItem\",\"position\":1,\"name\":\"In\u00edcio\",\"item\":\"https:\/\/pipocanacozinha.com.br\/\"},{\"@type\":\"ListItem\",\"position\":2,\"name\":\"Contato\"}]},{\"@type\":\"WebSite\",\"@id\":\"https:\/\/pipocanacozinha.com.br\/#website\",\"url\":\"https:\/\/pipocanacozinha.com.br\/\",\"name\":\"Pipoca na Cozinha\",\"description\":\"\",\"publisher\":{\"@id\":\"https:\/\/pipocanacozinha.com.br\/#organization\"},\"potentialAction\":[{\"@type\":\"SearchAction\",\"target\":{\"@type\":\"EntryPoint\",\"urlTemplate\":\"https:\/\/pipocanacozinha.com.br\/?s={search_term_string}\"},\"query-input\":\"required name=search_term_string\"}],\"inLanguage\":\"pt-BR\"},{\"@type\":\"Organization\",\"@id\":\"https:\/\/pipocanacozinha.com.br\/#organization\",\"name\":\"Pipoca na Cozinha\",\"url\":\"https:\/\/pipocanacozinha.com.br\/\",\"logo\":{\"@type\":\"ImageObject\",\"inLanguage\":\"pt-BR\",\"@id\":\"https:\/\/pipocanacozinha.com.br\/#\/schema\/logo\/image\/\",\"url\":\"https:\/\/pipocanacozinha.com.br\/wp-content\/uploads\/2023\/10\/cropped-456A3247-8580-4193-B67E-F4E95C96A07B.png\",\"contentUrl\":\"https:\/\/pipocanacozinha.com.br\/wp-content\/uploads\/2023\/10\/cropped-456A3247-8580-4193-B67E-F4E95C96A07B.png\",\"width\":3506,\"height\":1045,\"caption\":\"Pipoca na Cozinha\"},\"image\":{\"@id\":\"https:\/\/pipocanacozinha.com.br\/#\/schema\/logo\/image\/\"}}]}<\/script>\n<!-- \/ Yoast SEO plugin. -->","yoast_head_json":{"title":"Contato - Pipoca na Cozinha","robots":{"index":"index","follow":"follow","max-snippet":"max-snippet:-1","max-image-preview":"max-image-preview:large","max-video-preview":"max-video-preview:-1"},"canonical":"https:\/\/pipocanacozinha.com.br\/index.php\/contato\/","og_locale":"pt_BR","og_type":"article","og_title":"Contato - Pipoca na Cozinha","og_description":"Fale comigo! Quer entrar em contato com o Pipoca na Cozinha? Tirar uma d\u00favida, fazer um coment\u00e1rio ou uma sugest\u00e3o de receita ? \u00c9 s\u00f3 preencher aqui embaixo e clicar em enviar!","og_url":"https:\/\/pipocanacozinha.com.br\/index.php\/contato\/","og_site_name":"Pipoca na Cozinha","article_modified_time":"2023-10-15T07:17:26+00:00","twitter_card":"summary_large_image","twitter_misc":{"Est. tempo de leitura":"1 minuto"},"schema":{"@context":"https:\/\/schema.org","@graph":[{"@type":"WebPage","@id":"https:\/\/pipocanacozinha.com.br\/index.php\/contato\/","url":"https:\/\/pipocanacozinha.com.br\/index.php\/contato\/","name":"Contato - Pipoca na Cozinha","isPartOf":{"@id":"https:\/\/pipocanacozinha.com.br\/#website"},"datePublished":"2023-10-14T02:41:58+00:00","dateModified":"2023-10-15T07:17:26+00:00","breadcrumb":{"@id":"https:\/\/pipocanacozinha.com.br\/index.php\/contato\/#breadcrumb"},"inLanguage":"pt-BR","potentialAction":[{"@type":"ReadAction","target":["https:\/\/pipocanacozinha.com.br\/index.php\/contato\/"]}]},{"@type":"BreadcrumbList","@id":"https:\/\/pipocanacozinha.com.br\/index.php\/contato\/#breadcrumb","itemListElement":[{"@type":"ListItem","position":1,"name":"In\u00edcio","item":"https:\/\/pipocanacozinha.com.br\/"},{"@type":"ListItem","position":2,"name":"Contato"}]},{"@type":"WebSite","@id":"https:\/\/pipocanacozinha.com.br\/#website","url":"https:\/\/pipocanacozinha.com.br\/","name":"Pipoca na Cozinha","description":"","publisher":{"@id":"https:\/\/pipocanacozinha.com.br\/#organization"},"potentialAction":[{"@type":"SearchAction","target":{"@type":"EntryPoint","urlTemplate":"https:\/\/pipocanacozinha.com.br\/?s={search_term_string}"},"query-input":"required name=search_term_string"}],"inLanguage":"pt-BR"},{"@type":"Organization","@id":"https:\/\/pipocanacozinha.com.br\/#organization","name":"Pipoca na Cozinha","url":"https:\/\/pipocanacozinha.com.br\/","logo":{"@type":"ImageObject","inLanguage":"pt-BR","@id":"https:\/\/pipocanacozinha.com.br\/#\/schema\/logo\/image\/","url":"https:\/\/pipocanacozinha.com.br\/wp-content\/uploads\/2023\/10\/cropped-456A3247-8580-4193-B67E-F4E95C96A07B.png","contentUrl":"https:\/\/pipocanacozinha.com.br\/wp-content\/uploads\/2023\/10\/cropped-456A3247-8580-4193-B67E-F4E95C96A07B.png","width":3506,"height":1045,"caption":"Pipoca na Cozinha"},"image":{"@id":"https:\/\/pipocanacozinha.com.br\/#\/schema\/logo\/image\/"}}]}},"_links":{"self":[{"href":"https:\/\/pipocanacozinha.com.br\/index.php\/wp-json\/wp\/v2\/pages\/13","targetHints":{"allow":["GET"]}}],"collection":[{"href":"https:\/\/pipocanacozinha.com.br\/index.php\/wp-json\/wp\/v2\/pages"}],"about":[{"href":"https:\/\/pipocanacozinha.com.br\/index.php\/wp-json\/wp\/v2\/types\/page"}],"author":[{"embeddable":true,"href":"https:\/\/pipocanacozinha.com.br\/index.php\/wp-json\/wp\/v2\/users\/1"}],"replies":[{"embeddable":true,"href":"https:\/\/pipocanacozinha.com.br\/index.php\/wp-json\/wp\/v2\/comments?post=13"}],"version-history":[{"count":8,"href":"https:\/\/pipocanacozinha.com.br\/index.php\/wp-json\/wp\/v2\/pages\/13\/revisions"}],"predecessor-version":[{"id":94,"href":"https:\/\/pipocanacozinha.com.br\/index.php\/wp-json\/wp\/v2\/pages\/13\/revisions\/94"}],"wp:attachment":[{"href":"https:\/\/pipocanacozinha.com.br\/index.php\/wp-json\/wp\/v2\/media?parent=13"}],"curies":[{"name":"wp","href":"https:\/\/api.w.org\/{rel}","templated":true}]}}