{"id":12,"date":"2023-10-13T23:41:58","date_gmt":"2023-10-14T02:41:58","guid":{"rendered":"https:\/\/pipocanacozinha.com.br\/?page_id=12"},"modified":"2024-07-30T22:45:22","modified_gmt":"2024-07-31T01:45:22","slug":"sobre-mim","status":"publish","type":"page","link":"https:\/\/pipocanacozinha.com.br\/index.php\/sobre-mim\/","title":{"rendered":"Sobre mim"},"content":{"rendered":"\n<p class=\"has-text-align-left\"><strong>Oiee, eu sou a Giorgia e sou apaixonada por tudo relacionado a gastronomia.\u00a0\u00a0Amo cozinhar, aprender sobre comida e comer!<\/strong> Mas principalmente eu adoro compartilhar meus conhecimentos sobre o assunto com todo mundo. Quando eu era pequena me chamavam de pipoca, porque era bem branquinha e muito el\u00e9trica. \u00c9 por isso que o blog se chama Pipoca na Cozinha.<\/p>\n\n\n\n<h4 class=\"wp-block-heading\">De onde sou?<\/h4>\n\n\n\n<p>Nascida e criada em Londrina \u2013 Paran\u00e1, tive contato com comida de diversas culturas, como italiana, japonesa e \u00e1rabe. Quando penso na minha inf\u00e2ncia, o que mais me recordo s\u00e3o justamente  das diferentes comidas que experimentei. Veja bem, para a minha fam\u00edlia a comida \u00e9 uma grande parte de nossas vidas e somos realmente grandes apreciadores. <strong>Comer com o outro \u00e9 um momento especial e servir uma comida gostosa, uma forma de demonstrar amor.<\/strong> Todas as tias da fam\u00edlia t\u00eam ao menos um prato \u201ct\u00edpico\u201d e consigo me lembrar claramente de cada um. Todos degustados no meio de conversas animadas e muita confus\u00e3o.\u00a0<\/p>\n\n\n\n<p>Devo muito do meu conhecimento de comida \u00e0 minha fam\u00edlia. Meus pais amam viajar e n\u00e3o existe outra op\u00e7\u00e3o al\u00e9m da viagem gastron\u00f4mica. Foram com essas viagens que <strong>aprendi a ver a comida para al\u00e9m de algo que te satisfaz<\/strong>. Eles me ensinaram que entender sobre a comida local \u00e9 entender sobre a cultura, hist\u00f3ria e geografia local. Se voc\u00ea quiser entender como uma determinada sociedade funciona fa\u00e7a um passeio em algum lugar que venda comida da cidade. Pode ser de um mercado, uma feira ou comida de rua, nesses espa\u00e7os que voc\u00ea v\u00ea as pessoas em seu \u201chabitat natural\u201d.\u00a0\u00a0<\/p>\n\n\n\n<p>Al\u00e9m disso comecei a cozinhar ainda pequena, ajudando minha m\u00e3e no almo\u00e7o. Al\u00e9m de ver minha v\u00f3 fazer pilhas de panquecas como se fosse super f\u00e1cil. Mas apesar de toda essa imers\u00e3o na cozinha eu nunca achei que pudesse fazer disso a minha profiss\u00e3o.<\/p>\n\n\n\n<h4 class=\"wp-block-heading\">Como surgiu o Pipoca?<\/h4>\n\n\n\n<p>Sinceramente o plano inicial era me formar em engenharia ambiental. Quando estava no curso e t\u00ednhamos que ficar per\u00edodo integral na faculdade eu sempre levava algo para a turma. <strong>Com o tempo cozinhar come\u00e7ou a se tornar um al\u00edvio para o meu estresse.<\/strong> Sempre que o mundo se tornava sufocante, tudo o que eu queria era cozinhar por horas. Contar para os meus pais que ia largar a engenharia foi muito dif\u00edcil, mas foi muito corajoso.\u00a0<\/p>\n\n\n\n<p>Durante os dois anos de curso eu me senti completa. Acordar todo dia bem cedo para trabalhar com ingredientes de todo o mundo e ampliar meu repert\u00f3rio de receitas parecia um sonho para mim. Foi justamente no curso que me apaixone pela gastronomia japonesa tradicional (washoku) e a cerim\u00f4nia do ch\u00e1. Quando eu estava para me formar decidi que iria cursar letras japon\u00eas em Curitiba para compreender melhor essa cultura. Foram quatro anos pesquisando sobre o assunto e o resultado foi um livro lindinho chamado <a href=\"https:\/\/editora.laboralivros.com\/produto\/prevendaosomdocha\/\">O Som do Ch\u00e1<\/a>, onde conto minha trajet\u00f3ria nesse caminho.&nbsp;<\/p>\n\n\n\n<p>Enquanto estava no curso aconteceu a mesma coisa que na engenharia&#8230; depois de uma semana inteira de aulas, nada me deixava mais feliz do que cozinhar. S\u00f3 que, dessa vez, eu tinha uma no\u00e7\u00e3o melhor de quais t\u00e9cnicas gostaria de trabalhar e mesmo com o meu or\u00e7amento de estudante pude ser bastante criativa na cozinha e servir pratos como Okonomiyaki e Lamen para os meus amigos.<\/p>\n\n\n\n<p>Al\u00e9m disso, durante a pandemia comecei a vender minhas comidinhas tanto em Curitiba quanto em londrina. Se voc\u00ea comprou algo comigo nesse per\u00edodo e gostou muito, fica de olho! Com toda certeza v\u00e3o aparecer essas receitas por aqui. <\/p>\n\n\n\n<h4 class=\"wp-block-heading\">Sobre o que vai ser o blog?<\/h4>\n\n\n\n<p>Depois de me formar, meu namorido e eu nos mudados para o Jap\u00e3o, na prov\u00edncia de Shimane, que para a minha alegria \u00e9 famosa por seus doces tradicionais japoneses (wagashi). Ainda estamos aqui e enquanto ele trabalha aproveito para estudar japon\u00eas e testar diversas receitas diferentes. Foi pensando \u201cestou criando tanta coisa, mas onde poderia compartilhar?\u201d e ouvindo as perguntas sobre cozinha que sempre me fazem que resolvi criar esse blog!<\/p>\n\n\n\n<p>Nunca pensei que teria a oportunidade de compartilhar meus conhecimentos com o mundo\u2026 afinal sou p\u00e9ssima em frente \u00e0s c\u00e2meras, mas com o blog isso se resolve. <strong>Ent\u00e3o aproveitando que agora tenho tempo vou compartilhar minhas receitas preferidas, indicar materiais para quem tem interesse em aprender mais sobre cozinha e, principalmente, ensinar as pessoas a ter uma cozinha inteligente!&nbsp;<\/strong><\/p>\n\n\n\n<p>Minha m\u00e3e \u00e9 a \u201cbruxa\u201d do fundo da geladeira, a rainha do \u201crestodont\u00ea\u201d (restou de ontem) e eu juro que ela consegue fazer um ovo e uma cebola virarem um banquete. Sempre me perguntam como ela consegue, mas a realidade \u00e9: se voc\u00ea tiver ingredientes b\u00e1sicos, um fog\u00e3o, um forno e vontade, voc\u00ea tamb\u00e9m pode aprender a ser criativo e fazer comidas deliciosas sem medo!<\/p>\n\n\n\n<p><strong>Muito obrigada a todos que continuarem lendo e testarem as minhas receitas.<\/strong><\/p>\n\n\n\n<p>Vamos fazer muitas comidas gostosas juntos!<\/p>\n\n\n\n<p>Pipoca na Cozinha<\/p>\n\n\n<div class=\"wp-block-image is-style-rounded\">\n<figure class=\"aligncenter is-resized\"><img loading=\"lazy\" decoding=\"async\" width=\"1920\" height=\"2560\" data-src=\"https:\/\/pipocanacozinha.com.br\/wp-content\/uploads\/2023\/10\/5168B8FF-6826-4493-B420-F9E3C91FB733-scaled.jpeg\" alt=\"Foto sobre a autora do blog pipoca na cozinha\" class=\"wp-image-50 lazyload\" style=\"--smush-placeholder-width: 1920px; --smush-placeholder-aspect-ratio: 1920\/2560;aspect-ratio:1;object-fit:cover;width:192px;height:auto\" data-srcset=\"https:\/\/pipocanacozinha.com.br\/wp-content\/uploads\/2023\/10\/5168B8FF-6826-4493-B420-F9E3C91FB733-scaled.jpeg 1920w, https:\/\/pipocanacozinha.com.br\/wp-content\/uploads\/2023\/10\/5168B8FF-6826-4493-B420-F9E3C91FB733-225x300.jpeg 225w, https:\/\/pipocanacozinha.com.br\/wp-content\/uploads\/2023\/10\/5168B8FF-6826-4493-B420-F9E3C91FB733-768x1024.jpeg 768w, https:\/\/pipocanacozinha.com.br\/wp-content\/uploads\/2023\/10\/5168B8FF-6826-4493-B420-F9E3C91FB733-1152x1536.jpeg 1152w, https:\/\/pipocanacozinha.com.br\/wp-content\/uploads\/2023\/10\/5168B8FF-6826-4493-B420-F9E3C91FB733-1536x2048.jpeg 1536w, https:\/\/pipocanacozinha.com.br\/wp-content\/uploads\/2023\/10\/5168B8FF-6826-4493-B420-F9E3C91FB733-1200x1600.jpeg 1200w, https:\/\/pipocanacozinha.com.br\/wp-content\/uploads\/2023\/10\/5168B8FF-6826-4493-B420-F9E3C91FB733-1980x2640.jpeg 1980w\" data-sizes=\"auto, (max-width: 1920px) 100vw, 1920px\" src=\"data:image\/gif;base64,R0lGODlhAQABAAAAACH5BAEKAAEALAAAAAABAAEAAAICTAEAOw==\" \/><noscript><img loading=\"lazy\" decoding=\"async\" width=\"1920\" height=\"2560\" src=\"https:\/\/pipocanacozinha.com.br\/wp-content\/uploads\/2023\/10\/5168B8FF-6826-4493-B420-F9E3C91FB733-scaled.jpeg\" alt=\"Foto sobre a autora do blog pipoca na cozinha\" class=\"wp-image-50\" style=\"aspect-ratio:1;object-fit:cover;width:192px;height:auto\" srcset=\"https:\/\/pipocanacozinha.com.br\/wp-content\/uploads\/2023\/10\/5168B8FF-6826-4493-B420-F9E3C91FB733-scaled.jpeg 1920w, https:\/\/pipocanacozinha.com.br\/wp-content\/uploads\/2023\/10\/5168B8FF-6826-4493-B420-F9E3C91FB733-225x300.jpeg 225w, https:\/\/pipocanacozinha.com.br\/wp-content\/uploads\/2023\/10\/5168B8FF-6826-4493-B420-F9E3C91FB733-768x1024.jpeg 768w, https:\/\/pipocanacozinha.com.br\/wp-content\/uploads\/2023\/10\/5168B8FF-6826-4493-B420-F9E3C91FB733-1152x1536.jpeg 1152w, https:\/\/pipocanacozinha.com.br\/wp-content\/uploads\/2023\/10\/5168B8FF-6826-4493-B420-F9E3C91FB733-1536x2048.jpeg 1536w, https:\/\/pipocanacozinha.com.br\/wp-content\/uploads\/2023\/10\/5168B8FF-6826-4493-B420-F9E3C91FB733-1200x1600.jpeg 1200w, https:\/\/pipocanacozinha.com.br\/wp-content\/uploads\/2023\/10\/5168B8FF-6826-4493-B420-F9E3C91FB733-1980x2640.jpeg 1980w\" sizes=\"auto, (max-width: 1920px) 100vw, 1920px\" \/><\/noscript><\/figure>\n<\/div>","protected":false},"excerpt":{"rendered":"<p>Oiee, eu sou a Giorgia e sou apaixonada por tudo relacionado a gastronomia.\u00a0\u00a0Amo cozinhar, aprender sobre comida e comer! Mas principalmente eu adoro compartilhar meus conhecimentos sobre o assunto com todo mundo. Quando eu era &hellip; <\/p>\n","protected":false},"author":1,"featured_media":0,"parent":0,"menu_order":0,"comment_status":"closed","ping_status":"closed","template":"","meta":{"om_disable_all_campaigns":false,"_monsterinsights_skip_tracking":false,"_monsterinsights_sitenote_active":false,"_monsterinsights_sitenote_note":"","_monsterinsights_sitenote_category":0,"_uf_show_specific_survey":0,"_uf_disable_surveys":false,"footnotes":""},"class_list":["post-12","page","type-page","status-publish","hentry"],"yoast_head":"<!-- This site is optimized with the Yoast SEO plugin v23.1 - https:\/\/yoast.com\/wordpress\/plugins\/seo\/ -->\n<title>Sobre mim - Pipoca na Cozinha<\/title>\n<meta name=\"description\" content=\"Oie eu sou a Giorgia amo comer e estudar sobre comida! Eu criei esse blog para ajudar as pessoas a terem menos medo de cozinhar.\" \/>\n<meta name=\"robots\" content=\"index, follow, max-snippet:-1, max-image-preview:large, max-video-preview:-1\" \/>\n<link rel=\"canonical\" href=\"https:\/\/pipocanacozinha.com.br\/index.php\/sobre-mim\/\" \/>\n<meta property=\"og:locale\" content=\"pt_BR\" \/>\n<meta property=\"og:type\" content=\"article\" \/>\n<meta property=\"og:title\" content=\"Sobre mim - Pipoca na Cozinha\" \/>\n<meta property=\"og:description\" content=\"Oie eu sou a Giorgia amo comer e estudar sobre comida! Eu criei esse blog para ajudar as pessoas a terem menos medo de cozinhar.\" \/>\n<meta property=\"og:url\" content=\"https:\/\/pipocanacozinha.com.br\/index.php\/sobre-mim\/\" \/>\n<meta property=\"og:site_name\" content=\"Pipoca na Cozinha\" \/>\n<meta property=\"article:modified_time\" content=\"2024-07-31T01:45:22+00:00\" \/>\n<meta property=\"og:image\" content=\"https:\/\/pipocanacozinha.com.br\/wp-content\/uploads\/2023\/10\/5168B8FF-6826-4493-B420-F9E3C91FB733-scaled.jpeg\" \/>\n<meta name=\"twitter:card\" content=\"summary_large_image\" \/>\n<meta name=\"twitter:label1\" content=\"Est. tempo de leitura\" \/>\n\t<meta name=\"twitter:data1\" content=\"4 minutos\" \/>\n<script type=\"application\/ld+json\" class=\"yoast-schema-graph\">{\"@context\":\"https:\/\/schema.org\",\"@graph\":[{\"@type\":\"WebPage\",\"@id\":\"https:\/\/pipocanacozinha.com.br\/index.php\/sobre-mim\/\",\"url\":\"https:\/\/pipocanacozinha.com.br\/index.php\/sobre-mim\/\",\"name\":\"Sobre mim - Pipoca na Cozinha\",\"isPartOf\":{\"@id\":\"https:\/\/pipocanacozinha.com.br\/#website\"},\"primaryImageOfPage\":{\"@id\":\"https:\/\/pipocanacozinha.com.br\/index.php\/sobre-mim\/#primaryimage\"},\"image\":{\"@id\":\"https:\/\/pipocanacozinha.com.br\/index.php\/sobre-mim\/#primaryimage\"},\"thumbnailUrl\":\"https:\/\/pipocanacozinha.com.br\/wp-content\/uploads\/2023\/10\/5168B8FF-6826-4493-B420-F9E3C91FB733-scaled.jpeg\",\"datePublished\":\"2023-10-14T02:41:58+00:00\",\"dateModified\":\"2024-07-31T01:45:22+00:00\",\"description\":\"Oie eu sou a Giorgia amo comer e estudar sobre comida! Eu criei esse blog para ajudar as pessoas a terem menos medo de cozinhar.\",\"breadcrumb\":{\"@id\":\"https:\/\/pipocanacozinha.com.br\/index.php\/sobre-mim\/#breadcrumb\"},\"inLanguage\":\"pt-BR\",\"potentialAction\":[{\"@type\":\"ReadAction\",\"target\":[\"https:\/\/pipocanacozinha.com.br\/index.php\/sobre-mim\/\"]}]},{\"@type\":\"ImageObject\",\"inLanguage\":\"pt-BR\",\"@id\":\"https:\/\/pipocanacozinha.com.br\/index.php\/sobre-mim\/#primaryimage\",\"url\":\"https:\/\/pipocanacozinha.com.br\/wp-content\/uploads\/2023\/10\/5168B8FF-6826-4493-B420-F9E3C91FB733-scaled.jpeg\",\"contentUrl\":\"https:\/\/pipocanacozinha.com.br\/wp-content\/uploads\/2023\/10\/5168B8FF-6826-4493-B420-F9E3C91FB733-scaled.jpeg\",\"width\":1920,\"height\":2560},{\"@type\":\"BreadcrumbList\",\"@id\":\"https:\/\/pipocanacozinha.com.br\/index.php\/sobre-mim\/#breadcrumb\",\"itemListElement\":[{\"@type\":\"ListItem\",\"position\":1,\"name\":\"In\u00edcio\",\"item\":\"https:\/\/pipocanacozinha.com.br\/\"},{\"@type\":\"ListItem\",\"position\":2,\"name\":\"Sobre mim\"}]},{\"@type\":\"WebSite\",\"@id\":\"https:\/\/pipocanacozinha.com.br\/#website\",\"url\":\"https:\/\/pipocanacozinha.com.br\/\",\"name\":\"Pipoca na Cozinha\",\"description\":\"\",\"publisher\":{\"@id\":\"https:\/\/pipocanacozinha.com.br\/#organization\"},\"potentialAction\":[{\"@type\":\"SearchAction\",\"target\":{\"@type\":\"EntryPoint\",\"urlTemplate\":\"https:\/\/pipocanacozinha.com.br\/?s={search_term_string}\"},\"query-input\":\"required name=search_term_string\"}],\"inLanguage\":\"pt-BR\"},{\"@type\":\"Organization\",\"@id\":\"https:\/\/pipocanacozinha.com.br\/#organization\",\"name\":\"Pipoca na Cozinha\",\"url\":\"https:\/\/pipocanacozinha.com.br\/\",\"logo\":{\"@type\":\"ImageObject\",\"inLanguage\":\"pt-BR\",\"@id\":\"https:\/\/pipocanacozinha.com.br\/#\/schema\/logo\/image\/\",\"url\":\"https:\/\/pipocanacozinha.com.br\/wp-content\/uploads\/2023\/10\/cropped-456A3247-8580-4193-B67E-F4E95C96A07B.png\",\"contentUrl\":\"https:\/\/pipocanacozinha.com.br\/wp-content\/uploads\/2023\/10\/cropped-456A3247-8580-4193-B67E-F4E95C96A07B.png\",\"width\":3506,\"height\":1045,\"caption\":\"Pipoca na Cozinha\"},\"image\":{\"@id\":\"https:\/\/pipocanacozinha.com.br\/#\/schema\/logo\/image\/\"}}]}<\/script>\n<!-- \/ Yoast SEO plugin. -->","yoast_head_json":{"title":"Sobre mim - Pipoca na Cozinha","description":"Oie eu sou a Giorgia amo comer e estudar sobre comida! Eu criei esse blog para ajudar as pessoas a terem menos medo de cozinhar.","robots":{"index":"index","follow":"follow","max-snippet":"max-snippet:-1","max-image-preview":"max-image-preview:large","max-video-preview":"max-video-preview:-1"},"canonical":"https:\/\/pipocanacozinha.com.br\/index.php\/sobre-mim\/","og_locale":"pt_BR","og_type":"article","og_title":"Sobre mim - Pipoca na Cozinha","og_description":"Oie eu sou a Giorgia amo comer e estudar sobre comida! Eu criei esse blog para ajudar as pessoas a terem menos medo de cozinhar.","og_url":"https:\/\/pipocanacozinha.com.br\/index.php\/sobre-mim\/","og_site_name":"Pipoca na Cozinha","article_modified_time":"2024-07-31T01:45:22+00:00","og_image":[{"url":"https:\/\/pipocanacozinha.com.br\/wp-content\/uploads\/2023\/10\/5168B8FF-6826-4493-B420-F9E3C91FB733-scaled.jpeg"}],"twitter_card":"summary_large_image","twitter_misc":{"Est. tempo de leitura":"4 minutos"},"schema":{"@context":"https:\/\/schema.org","@graph":[{"@type":"WebPage","@id":"https:\/\/pipocanacozinha.com.br\/index.php\/sobre-mim\/","url":"https:\/\/pipocanacozinha.com.br\/index.php\/sobre-mim\/","name":"Sobre mim - Pipoca na Cozinha","isPartOf":{"@id":"https:\/\/pipocanacozinha.com.br\/#website"},"primaryImageOfPage":{"@id":"https:\/\/pipocanacozinha.com.br\/index.php\/sobre-mim\/#primaryimage"},"image":{"@id":"https:\/\/pipocanacozinha.com.br\/index.php\/sobre-mim\/#primaryimage"},"thumbnailUrl":"https:\/\/pipocanacozinha.com.br\/wp-content\/uploads\/2023\/10\/5168B8FF-6826-4493-B420-F9E3C91FB733-scaled.jpeg","datePublished":"2023-10-14T02:41:58+00:00","dateModified":"2024-07-31T01:45:22+00:00","description":"Oie eu sou a Giorgia amo comer e estudar sobre comida! Eu criei esse blog para ajudar as pessoas a terem menos medo de cozinhar.","breadcrumb":{"@id":"https:\/\/pipocanacozinha.com.br\/index.php\/sobre-mim\/#breadcrumb"},"inLanguage":"pt-BR","potentialAction":[{"@type":"ReadAction","target":["https:\/\/pipocanacozinha.com.br\/index.php\/sobre-mim\/"]}]},{"@type":"ImageObject","inLanguage":"pt-BR","@id":"https:\/\/pipocanacozinha.com.br\/index.php\/sobre-mim\/#primaryimage","url":"https:\/\/pipocanacozinha.com.br\/wp-content\/uploads\/2023\/10\/5168B8FF-6826-4493-B420-F9E3C91FB733-scaled.jpeg","contentUrl":"https:\/\/pipocanacozinha.com.br\/wp-content\/uploads\/2023\/10\/5168B8FF-6826-4493-B420-F9E3C91FB733-scaled.jpeg","width":1920,"height":2560},{"@type":"BreadcrumbList","@id":"https:\/\/pipocanacozinha.com.br\/index.php\/sobre-mim\/#breadcrumb","itemListElement":[{"@type":"ListItem","position":1,"name":"In\u00edcio","item":"https:\/\/pipocanacozinha.com.br\/"},{"@type":"ListItem","position":2,"name":"Sobre mim"}]},{"@type":"WebSite","@id":"https:\/\/pipocanacozinha.com.br\/#website","url":"https:\/\/pipocanacozinha.com.br\/","name":"Pipoca na Cozinha","description":"","publisher":{"@id":"https:\/\/pipocanacozinha.com.br\/#organization"},"potentialAction":[{"@type":"SearchAction","target":{"@type":"EntryPoint","urlTemplate":"https:\/\/pipocanacozinha.com.br\/?s={search_term_string}"},"query-input":"required name=search_term_string"}],"inLanguage":"pt-BR"},{"@type":"Organization","@id":"https:\/\/pipocanacozinha.com.br\/#organization","name":"Pipoca na Cozinha","url":"https:\/\/pipocanacozinha.com.br\/","logo":{"@type":"ImageObject","inLanguage":"pt-BR","@id":"https:\/\/pipocanacozinha.com.br\/#\/schema\/logo\/image\/","url":"https:\/\/pipocanacozinha.com.br\/wp-content\/uploads\/2023\/10\/cropped-456A3247-8580-4193-B67E-F4E95C96A07B.png","contentUrl":"https:\/\/pipocanacozinha.com.br\/wp-content\/uploads\/2023\/10\/cropped-456A3247-8580-4193-B67E-F4E95C96A07B.png","width":3506,"height":1045,"caption":"Pipoca na Cozinha"},"image":{"@id":"https:\/\/pipocanacozinha.com.br\/#\/schema\/logo\/image\/"}}]}},"_links":{"self":[{"href":"https:\/\/pipocanacozinha.com.br\/index.php\/wp-json\/wp\/v2\/pages\/12","targetHints":{"allow":["GET"]}}],"collection":[{"href":"https:\/\/pipocanacozinha.com.br\/index.php\/wp-json\/wp\/v2\/pages"}],"about":[{"href":"https:\/\/pipocanacozinha.com.br\/index.php\/wp-json\/wp\/v2\/types\/page"}],"author":[{"embeddable":true,"href":"https:\/\/pipocanacozinha.com.br\/index.php\/wp-json\/wp\/v2\/users\/1"}],"replies":[{"embeddable":true,"href":"https:\/\/pipocanacozinha.com.br\/index.php\/wp-json\/wp\/v2\/comments?post=12"}],"version-history":[{"count":11,"href":"https:\/\/pipocanacozinha.com.br\/index.php\/wp-json\/wp\/v2\/pages\/12\/revisions"}],"predecessor-version":[{"id":445,"href":"https:\/\/pipocanacozinha.com.br\/index.php\/wp-json\/wp\/v2\/pages\/12\/revisions\/445"}],"wp:attachment":[{"href":"https:\/\/pipocanacozinha.com.br\/index.php\/wp-json\/wp\/v2\/media?parent=12"}],"curies":[{"name":"wp","href":"https:\/\/api.w.org\/{rel}","templated":true}]}}