{"id":109,"date":"2023-10-15T04:19:08","date_gmt":"2023-10-15T07:19:08","guid":{"rendered":"https:\/\/pipocanacozinha.com.br\/?page_id=109"},"modified":"2024-07-30T22:34:12","modified_gmt":"2024-07-31T01:34:12","slug":"introducao-a-cozinha","status":"publish","type":"page","link":"https:\/\/pipocanacozinha.com.br\/index.php\/introducao-a-cozinha\/","title":{"rendered":"Blog"},"content":{"rendered":"\n<div class=\"wp-block-query is-layout-flow wp-block-query-is-layout-flow\"><ul class=\"wp-block-post-template is-layout-flow wp-block-post-template-is-layout-flow\"><li class=\"wp-block-post post-325 post type-post status-publish format-standard has-post-thumbnail hentry category-indicacoes\">\n<h2 class=\"wp-block-post-title\"><a href=\"https:\/\/pipocanacozinha.com.br\/index.php\/2023\/11\/04\/fukuoka\/\" target=\"_self\" >Um fim de semana em Fukuoka<\/a><\/h2>\n\n<figure class=\"alignwide wp-block-post-featured-image\"><a href=\"https:\/\/pipocanacozinha.com.br\/index.php\/2023\/11\/04\/fukuoka\/\" target=\"_self\"  ><img loading=\"lazy\" decoding=\"async\" width=\"1600\" height=\"1066\" data-src=\"https:\/\/pipocanacozinha.com.br\/wp-content\/uploads\/2023\/11\/B190C328-9813-49B4-B2E1-45B3E114CAE5.jpeg\" class=\"attachment-post-thumbnail size-post-thumbnail wp-post-image lazyload\" alt=\"Um fim de semana em Fukuoka\" style=\"--smush-placeholder-width: 1600px; --smush-placeholder-aspect-ratio: 1600\/1066;object-fit:cover;\" data-srcset=\"https:\/\/pipocanacozinha.com.br\/wp-content\/uploads\/2023\/11\/B190C328-9813-49B4-B2E1-45B3E114CAE5.jpeg 1600w, https:\/\/pipocanacozinha.com.br\/wp-content\/uploads\/2023\/11\/B190C328-9813-49B4-B2E1-45B3E114CAE5-300x200.jpeg 300w, https:\/\/pipocanacozinha.com.br\/wp-content\/uploads\/2023\/11\/B190C328-9813-49B4-B2E1-45B3E114CAE5-1024x682.jpeg 1024w, https:\/\/pipocanacozinha.com.br\/wp-content\/uploads\/2023\/11\/B190C328-9813-49B4-B2E1-45B3E114CAE5-768x512.jpeg 768w, https:\/\/pipocanacozinha.com.br\/wp-content\/uploads\/2023\/11\/B190C328-9813-49B4-B2E1-45B3E114CAE5-1536x1023.jpeg 1536w\" data-sizes=\"auto, (max-width: 1600px) 100vw, 1600px\" src=\"data:image\/gif;base64,R0lGODlhAQABAAAAACH5BAEKAAEALAAAAAABAAEAAAICTAEAOw==\" \/><noscript><img loading=\"lazy\" decoding=\"async\" width=\"1600\" height=\"1066\" src=\"https:\/\/pipocanacozinha.com.br\/wp-content\/uploads\/2023\/11\/B190C328-9813-49B4-B2E1-45B3E114CAE5.jpeg\" class=\"attachment-post-thumbnail size-post-thumbnail wp-post-image\" alt=\"Um fim de semana em Fukuoka\" style=\"object-fit:cover;\" srcset=\"https:\/\/pipocanacozinha.com.br\/wp-content\/uploads\/2023\/11\/B190C328-9813-49B4-B2E1-45B3E114CAE5.jpeg 1600w, https:\/\/pipocanacozinha.com.br\/wp-content\/uploads\/2023\/11\/B190C328-9813-49B4-B2E1-45B3E114CAE5-300x200.jpeg 300w, https:\/\/pipocanacozinha.com.br\/wp-content\/uploads\/2023\/11\/B190C328-9813-49B4-B2E1-45B3E114CAE5-1024x682.jpeg 1024w, https:\/\/pipocanacozinha.com.br\/wp-content\/uploads\/2023\/11\/B190C328-9813-49B4-B2E1-45B3E114CAE5-768x512.jpeg 768w, https:\/\/pipocanacozinha.com.br\/wp-content\/uploads\/2023\/11\/B190C328-9813-49B4-B2E1-45B3E114CAE5-1536x1023.jpeg 1536w\" sizes=\"auto, (max-width: 1600px) 100vw, 1600px\" \/><\/noscript><\/a><\/figure>\n\n<div class=\"wp-block-post-excerpt\"><p class=\"wp-block-post-excerpt__excerpt\">Essa semana eu dei uma sumida n\u00e3o \u00e9 mesmo? Mas \u00e9 que fui para Fukuoka! Fukuoka \u00e9 a maior cidade da ilha de Kyushu, localizado no sul do Jap\u00e3o. Kyushu \u00e9 a regi\u00e3o mais pr\u00f3xima<\/p><p class=\"wp-block-post-excerpt__more-text\"><a class=\"wp-block-post-excerpt__more-link\" href=\"https:\/\/pipocanacozinha.com.br\/index.php\/2023\/11\/04\/fukuoka\/\">Leia mais<\/a><\/p><\/div>\n\n\n<hr class=\"wp-block-separator has-css-opacity\"\/>\n\n\n<div class=\"wp-block-post-date\"><time datetime=\"2023-11-04T12:53:08-03:00\">4 de novembro de 2023<\/time><\/div>\n<\/li><li class=\"wp-block-post post-261 post type-post status-publish format-standard hentry category-introducao-a-cozinha\">\n<h2 class=\"wp-block-post-title\"><a href=\"https:\/\/pipocanacozinha.com.br\/index.php\/2023\/10\/23\/utensilios-essenciais-parte1\/\" target=\"_self\" >Utens\u00edlios essenciais de uma cozinha parte 1: o b\u00e1sico do b\u00e1sico<\/a><\/h2>\n\n\n\n<div class=\"wp-block-post-excerpt\"><p class=\"wp-block-post-excerpt__excerpt\">Quando me formei em gastronomia em 2016, ainda morava com os meus pais e tinha a minha disposi\u00e7\u00e3o todos os utens\u00edlios essenciais de uma cozinha, que minha m\u00e3e havia juntado ao longo dos anos, e<\/p><p class=\"wp-block-post-excerpt__more-text\"><a class=\"wp-block-post-excerpt__more-link\" href=\"https:\/\/pipocanacozinha.com.br\/index.php\/2023\/10\/23\/utensilios-essenciais-parte1\/\">Leia mais<\/a><\/p><\/div>\n\n\n<hr class=\"wp-block-separator has-css-opacity\"\/>\n\n\n<div class=\"wp-block-post-date\"><time datetime=\"2023-10-23T08:06:14-03:00\">23 de outubro de 2023<\/time><\/div>\n<\/li><\/ul><\/div>\n","protected":false},"excerpt":{"rendered":"","protected":false},"author":1,"featured_media":0,"parent":0,"menu_order":0,"comment_status":"closed","ping_status":"closed","template":"","meta":{"om_disable_all_campaigns":false,"_monsterinsights_skip_tracking":false,"_monsterinsights_sitenote_active":false,"_monsterinsights_sitenote_note":"","_monsterinsights_sitenote_category":0,"_uf_show_specific_survey":0,"_uf_disable_surveys":false,"footnotes":""},"class_list":["post-109","page","type-page","status-publish","hentry"],"yoast_head":"<!-- This site is optimized with the Yoast SEO plugin v23.1 - https:\/\/yoast.com\/wordpress\/plugins\/seo\/ -->\n<title>Blog - Pipoca na Cozinha<\/title>\n<meta name=\"robots\" content=\"index, follow, max-snippet:-1, max-image-preview:large, max-video-preview:-1\" \/>\n<link rel=\"canonical\" href=\"https:\/\/pipocanacozinha.com.br\/index.php\/introducao-a-cozinha\/\" \/>\n<meta property=\"og:locale\" content=\"pt_BR\" \/>\n<meta property=\"og:type\" content=\"article\" \/>\n<meta property=\"og:title\" content=\"Blog - Pipoca na Cozinha\" \/>\n<meta property=\"og:url\" content=\"https:\/\/pipocanacozinha.com.br\/index.php\/introducao-a-cozinha\/\" \/>\n<meta property=\"og:site_name\" content=\"Pipoca na Cozinha\" \/>\n<meta property=\"article:modified_time\" content=\"2024-07-31T01:34:12+00:00\" \/>\n<meta name=\"twitter:card\" content=\"summary_large_image\" \/>\n<script type=\"application\/ld+json\" class=\"yoast-schema-graph\">{\"@context\":\"https:\/\/schema.org\",\"@graph\":[{\"@type\":\"WebPage\",\"@id\":\"https:\/\/pipocanacozinha.com.br\/index.php\/introducao-a-cozinha\/\",\"url\":\"https:\/\/pipocanacozinha.com.br\/index.php\/introducao-a-cozinha\/\",\"name\":\"Blog - Pipoca na Cozinha\",\"isPartOf\":{\"@id\":\"https:\/\/pipocanacozinha.com.br\/#website\"},\"datePublished\":\"2023-10-15T07:19:08+00:00\",\"dateModified\":\"2024-07-31T01:34:12+00:00\",\"breadcrumb\":{\"@id\":\"https:\/\/pipocanacozinha.com.br\/index.php\/introducao-a-cozinha\/#breadcrumb\"},\"inLanguage\":\"pt-BR\",\"potentialAction\":[{\"@type\":\"ReadAction\",\"target\":[\"https:\/\/pipocanacozinha.com.br\/index.php\/introducao-a-cozinha\/\"]}]},{\"@type\":\"BreadcrumbList\",\"@id\":\"https:\/\/pipocanacozinha.com.br\/index.php\/introducao-a-cozinha\/#breadcrumb\",\"itemListElement\":[{\"@type\":\"ListItem\",\"position\":1,\"name\":\"In\u00edcio\",\"item\":\"https:\/\/pipocanacozinha.com.br\/\"},{\"@type\":\"ListItem\",\"position\":2,\"name\":\"Blog\"}]},{\"@type\":\"WebSite\",\"@id\":\"https:\/\/pipocanacozinha.com.br\/#website\",\"url\":\"https:\/\/pipocanacozinha.com.br\/\",\"name\":\"Pipoca na Cozinha\",\"description\":\"\",\"publisher\":{\"@id\":\"https:\/\/pipocanacozinha.com.br\/#organization\"},\"potentialAction\":[{\"@type\":\"SearchAction\",\"target\":{\"@type\":\"EntryPoint\",\"urlTemplate\":\"https:\/\/pipocanacozinha.com.br\/?s={search_term_string}\"},\"query-input\":\"required name=search_term_string\"}],\"inLanguage\":\"pt-BR\"},{\"@type\":\"Organization\",\"@id\":\"https:\/\/pipocanacozinha.com.br\/#organization\",\"name\":\"Pipoca na Cozinha\",\"url\":\"https:\/\/pipocanacozinha.com.br\/\",\"logo\":{\"@type\":\"ImageObject\",\"inLanguage\":\"pt-BR\",\"@id\":\"https:\/\/pipocanacozinha.com.br\/#\/schema\/logo\/image\/\",\"url\":\"https:\/\/pipocanacozinha.com.br\/wp-content\/uploads\/2023\/10\/cropped-456A3247-8580-4193-B67E-F4E95C96A07B.png\",\"contentUrl\":\"https:\/\/pipocanacozinha.com.br\/wp-content\/uploads\/2023\/10\/cropped-456A3247-8580-4193-B67E-F4E95C96A07B.png\",\"width\":3506,\"height\":1045,\"caption\":\"Pipoca na Cozinha\"},\"image\":{\"@id\":\"https:\/\/pipocanacozinha.com.br\/#\/schema\/logo\/image\/\"}}]}<\/script>\n<!-- \/ Yoast SEO plugin. -->","yoast_head_json":{"title":"Blog - Pipoca na Cozinha","robots":{"index":"index","follow":"follow","max-snippet":"max-snippet:-1","max-image-preview":"max-image-preview:large","max-video-preview":"max-video-preview:-1"},"canonical":"https:\/\/pipocanacozinha.com.br\/index.php\/introducao-a-cozinha\/","og_locale":"pt_BR","og_type":"article","og_title":"Blog - Pipoca na Cozinha","og_url":"https:\/\/pipocanacozinha.com.br\/index.php\/introducao-a-cozinha\/","og_site_name":"Pipoca na Cozinha","article_modified_time":"2024-07-31T01:34:12+00:00","twitter_card":"summary_large_image","schema":{"@context":"https:\/\/schema.org","@graph":[{"@type":"WebPage","@id":"https:\/\/pipocanacozinha.com.br\/index.php\/introducao-a-cozinha\/","url":"https:\/\/pipocanacozinha.com.br\/index.php\/introducao-a-cozinha\/","name":"Blog - Pipoca na Cozinha","isPartOf":{"@id":"https:\/\/pipocanacozinha.com.br\/#website"},"datePublished":"2023-10-15T07:19:08+00:00","dateModified":"2024-07-31T01:34:12+00:00","breadcrumb":{"@id":"https:\/\/pipocanacozinha.com.br\/index.php\/introducao-a-cozinha\/#breadcrumb"},"inLanguage":"pt-BR","potentialAction":[{"@type":"ReadAction","target":["https:\/\/pipocanacozinha.com.br\/index.php\/introducao-a-cozinha\/"]}]},{"@type":"BreadcrumbList","@id":"https:\/\/pipocanacozinha.com.br\/index.php\/introducao-a-cozinha\/#breadcrumb","itemListElement":[{"@type":"ListItem","position":1,"name":"In\u00edcio","item":"https:\/\/pipocanacozinha.com.br\/"},{"@type":"ListItem","position":2,"name":"Blog"}]},{"@type":"WebSite","@id":"https:\/\/pipocanacozinha.com.br\/#website","url":"https:\/\/pipocanacozinha.com.br\/","name":"Pipoca na Cozinha","description":"","publisher":{"@id":"https:\/\/pipocanacozinha.com.br\/#organization"},"potentialAction":[{"@type":"SearchAction","target":{"@type":"EntryPoint","urlTemplate":"https:\/\/pipocanacozinha.com.br\/?s={search_term_string}"},"query-input":"required name=search_term_string"}],"inLanguage":"pt-BR"},{"@type":"Organization","@id":"https:\/\/pipocanacozinha.com.br\/#organization","name":"Pipoca na Cozinha","url":"https:\/\/pipocanacozinha.com.br\/","logo":{"@type":"ImageObject","inLanguage":"pt-BR","@id":"https:\/\/pipocanacozinha.com.br\/#\/schema\/logo\/image\/","url":"https:\/\/pipocanacozinha.com.br\/wp-content\/uploads\/2023\/10\/cropped-456A3247-8580-4193-B67E-F4E95C96A07B.png","contentUrl":"https:\/\/pipocanacozinha.com.br\/wp-content\/uploads\/2023\/10\/cropped-456A3247-8580-4193-B67E-F4E95C96A07B.png","width":3506,"height":1045,"caption":"Pipoca na Cozinha"},"image":{"@id":"https:\/\/pipocanacozinha.com.br\/#\/schema\/logo\/image\/"}}]}},"_links":{"self":[{"href":"https:\/\/pipocanacozinha.com.br\/index.php\/wp-json\/wp\/v2\/pages\/109","targetHints":{"allow":["GET"]}}],"collection":[{"href":"https:\/\/pipocanacozinha.com.br\/index.php\/wp-json\/wp\/v2\/pages"}],"about":[{"href":"https:\/\/pipocanacozinha.com.br\/index.php\/wp-json\/wp\/v2\/types\/page"}],"author":[{"embeddable":true,"href":"https:\/\/pipocanacozinha.com.br\/index.php\/wp-json\/wp\/v2\/users\/1"}],"replies":[{"embeddable":true,"href":"https:\/\/pipocanacozinha.com.br\/index.php\/wp-json\/wp\/v2\/comments?post=109"}],"version-history":[{"count":7,"href":"https:\/\/pipocanacozinha.com.br\/index.php\/wp-json\/wp\/v2\/pages\/109\/revisions"}],"predecessor-version":[{"id":440,"href":"https:\/\/pipocanacozinha.com.br\/index.php\/wp-json\/wp\/v2\/pages\/109\/revisions\/440"}],"wp:attachment":[{"href":"https:\/\/pipocanacozinha.com.br\/index.php\/wp-json\/wp\/v2\/media?parent=109"}],"curies":[{"name":"wp","href":"https:\/\/api.w.org\/{rel}","templated":true}]}}